{"id":141,"date":"2020-02-28T11:48:57","date_gmt":"2020-02-28T11:48:57","guid":{"rendered":"http:\/\/granjaferre.com\/aviso-legal-copy\/"},"modified":"2020-03-12T13:27:04","modified_gmt":"2020-03-12T13:27:04","slug":"politica-de-cookies","status":"publish","type":"page","link":"https:\/\/granjaferre.com\/es\/politica-de-cookies\/","title":{"rendered":"Pol\u00edtica de cookies"},"content":{"rendered":"\t\t<div data-elementor-type=\"wp-page\" data-elementor-id=\"141\" class=\"elementor elementor-141\" data-elementor-settings=\"[]\">\n\t\t\t\t\t\t<div class=\"elementor-inner\">\n\t\t\t\t\t\t\t<div class=\"elementor-section-wrap\">\n\t\t\t\t\t\t\t<section class=\"elementor-section elementor-top-section elementor-element elementor-element-5ac81d4 elementor-section-boxed elementor-section-height-default elementor-section-height-default\" data-id=\"5ac81d4\" data-element_type=\"section\">\n\t\t\t\t\t\t<div class=\"elementor-container elementor-column-gap-no\">\n\t\t\t\t\t\t\t<div class=\"elementor-row\">\n\t\t\t\t\t<div class=\"elementor-column elementor-col-100 elementor-top-column elementor-element elementor-element-76514ed\" data-id=\"76514ed\" data-element_type=\"column\">\n\t\t\t<div class=\"elementor-column-wrap elementor-element-populated\">\n\t\t\t\t\t\t\t<div class=\"elementor-widget-wrap\">\n\t\t\t\t\t\t<section class=\"elementor-section elementor-inner-section elementor-element elementor-element-01ca0bd elementor-section-height-min-height elementor-section-content-bottom elementor-section-boxed elementor-section-height-default\" data-id=\"01ca0bd\" data-element_type=\"section\" id=\"slide\" data-settings=\"{&quot;background_background&quot;:&quot;classic&quot;}\">\n\t\t\t\t\t\t\t<div class=\"elementor-background-overlay\"><\/div>\n\t\t\t\t\t\t\t<div class=\"elementor-container elementor-column-gap-default\">\n\t\t\t\t\t\t\t<div class=\"elementor-row\">\n\t\t\t\t\t<div class=\"elementor-column elementor-col-100 elementor-inner-column elementor-element elementor-element-b95cc33 elementor-hidden-phone\" data-id=\"b95cc33\" data-element_type=\"column\">\n\t\t\t<div class=\"elementor-column-wrap elementor-element-populated\">\n\t\t\t\t\t\t\t<div class=\"elementor-widget-wrap\">\n\t\t\t\t\t\t<div class=\"elementor-element elementor-element-65fb0a6 elementor-widget elementor-widget-uael-infobox\" data-id=\"65fb0a6\" data-element_type=\"widget\" data-widget_type=\"uael-infobox.default\">\n\t\t\t\t<div class=\"elementor-widget-container\">\n\t\t\t\n<div class=\"uael-module-content uael-infobox uael-imgicon-style-normal  uael-infobox-center  infobox-has-icon uael-infobox-icon-above-title  uael-infobox-link-type-none\">\n\t<div class=\"uael-infobox-left-right-wrap\">\n\t\t\t\t\t\t<div class=\"uael-infobox-content\">\n\t\t\t\t\t\t\t<div class=\"uael-module-content uael-imgicon-wrap \">\t\t\t\t\t\t\t\t\t\t\t\n\t\t\t\t\t\t\t\t\t\t\t\t\t\t<\/div>\n\t\t\t\t\t\t\t<div class='uael-infobox-title-wrap'><h2 class=\"uael-infobox-title elementor-inline-editing\" data-elementor-setting-key=\"infobox_title\" data-elementor-inline-editing-toolbar=\"basic\" >Pol\u00edtica de cookies<\/h2><\/div>\t\t\t\t\t\t\t\t\t<div class=\"uael-infobox-text-wrap\">\n\t\t\t\t<div class=\"uael-infobox-text elementor-inline-editing\" data-elementor-setting-key=\"infobox_description\" data-elementor-inline-editing-toolbar=\"advanced\">\n\t\t\t\t\t\t\t\t\t<\/div>\n\t\t\t\t\t\n\t\t\t\t\t\t\t<\/div>\n\t\t<\/div>\n\t\t\t<\/div>\n<\/div>\n\t\t<\/div>\n\t\t\t\t<\/div>\n\t\t\t\t\t\t<\/div>\n\t\t\t\t\t<\/div>\n\t\t<\/div>\n\t\t\t\t\t\t\t\t<\/div>\n\t\t\t\t\t<\/div>\n\t\t<\/section>\n\t\t\t\t\t\t<\/div>\n\t\t\t\t\t<\/div>\n\t\t<\/div>\n\t\t\t\t\t\t\t\t<\/div>\n\t\t\t\t\t<\/div>\n\t\t<\/section>\n\t\t\t\t<section class=\"elementor-section elementor-top-section elementor-element elementor-element-6f59ab3 elementor-section-content-middle elementor-section-boxed elementor-section-height-default elementor-section-height-default\" data-id=\"6f59ab3\" data-element_type=\"section\" id=\"granja\">\n\t\t\t\t\t\t<div class=\"elementor-container elementor-column-gap-wider\">\n\t\t\t\t\t\t\t<div class=\"elementor-row\">\n\t\t\t\t\t<div class=\"elementor-column elementor-col-100 elementor-top-column elementor-element elementor-element-61e8f92\" data-id=\"61e8f92\" data-element_type=\"column\">\n\t\t\t<div class=\"elementor-column-wrap elementor-element-populated\">\n\t\t\t\t\t\t\t<div class=\"elementor-widget-wrap\">\n\t\t\t\t\t\t<div class=\"elementor-element elementor-element-e732c13 elementor-widget elementor-widget-text-editor\" data-id=\"e732c13\" data-element_type=\"widget\" data-widget_type=\"text-editor.default\">\n\t\t\t\t<div class=\"elementor-widget-container\">\n\t\t\t\t\t\t\t\t<div class=\"elementor-text-editor elementor-clearfix\">\n\t\t\t\t<p class=\"p1\"><span class=\"s1\"><b>\u00bfQu\u00e9 son las cookies y por qu\u00e9 las utilizamos en la web?<\/b><\/span><\/p><p class=\"p1\"><span class=\"s1\">Una cookie es un fichero que se descarga en el dispositivo del usuario al acceder a determinadas p\u00e1ginas web para almacenar y recuperar informaci\u00f3n sobre la navegaci\u00f3n que se efect\u00faa desde dicho equipo.<\/span><\/p><p class=\"p1\"><span class=\"s1\">Las cookies permiten a dicha web, entre otras cosas, almacenar y recuperar informaci\u00f3n sobre las decisiones y h\u00e1bitos del usuario.<\/span><\/p><p class=\"p1\"><span class=\"s1\">Es importante destacar que el uso de cookies no proporciona datos personales del usuario.<\/span><\/p><p class=\"p1\"><span class=\"s1\"><b>\u00bfQu\u00e9 tipo de cookies utiliza la web?<\/b><\/span><\/p><p class=\"p1\"><span class=\"s1\">Las cookies, en funci\u00f3n del tiempo que permanecen activadas, pueden dividirse en cookies de sesi\u00f3n o permanentes. El \u00fanico tipo que se utiliza en la web son:<\/span><\/p><p class=\"p1\"><span class=\"s1\"><i>Cookies persistentes:<\/i>\u00a0Cookies en el que los datos siguen almacenados en el terminal y pueden ser accedidos y tratados durante un periodo definido por el responsable de la cookie, y que puede ir de unos minutos a varios a\u00f1os.<\/span><\/p><p class=\"p1\"><span class=\"s1\">Adicionalmente, seg\u00fan la entidad que las gestione, las cookies pueden clasificarse en propias o de tercero. En la presente web s\u00f3lo se utilizan:<\/span><\/p><p class=\"p1\"><span class=\"s1\"><i>Cookies propias:\u00a0<\/i>Son aqu\u00e9llas que se env\u00edan al equipo terminal del usuario desde un equipo o dominio gestionado por el propio editor y desde el que se presta el servicio solicitado por el usuario.<\/span><\/p><p class=\"p1\"><span class=\"s1\">En cuanto a su finalidad, los tipos de cookies que se usan en la web son las de\u00a0an\u00e1lisis, que son aqu\u00e9llas que permiten al responsable de las mismas, el seguimiento y an\u00e1lisis del comportamiento de los usuarios de los sitios web a los que est\u00e1n vinculadas. La informaci\u00f3n recogida mediante este tipo de cookies se utiliza en la medici\u00f3n de la actividad de los sitios web, aplicaci\u00f3n o plataforma y para la elaboraci\u00f3n de perfiles de navegaci\u00f3n de los usuarios de dichos sitios, aplicaciones y plataformas, con el fin de introducir mejoras en funci\u00f3n del an\u00e1lisis de los datos de uso que hacen los usuarios del servicio.<\/span><\/p><p class=\"p1\"><span class=\"s1\"><b>\u00bfC\u00f3mo deshabilitar las cookies en el navegador?<\/b><\/span><\/p><p class=\"p1\"><span class=\"s1\">El usuario puede configurar su navegador para no aceptar el uso de cookies, en cuyo caso la personalizaci\u00f3n de la experiencia no se aplicar\u00eda. Si se selecciona esta configuraci\u00f3n puede que no se pueda acceder a ciertas partes del sitio web, ya que puede causar una navegaci\u00f3n menos eficaz.<\/span><\/p><p class=\"p1\"><span class=\"s1\">La mayor\u00eda de navegadores actualmente permiten al usuario configurar si desean aceptar cookies y cu\u00e1les de ellas. Estos ajustes normalmente se encuentran en las \u2018opciones\u2019 o \u2018Preferencias\u2019 del men\u00fa de su navegador.<\/span><\/p><p class=\"p1\"><span class=\"s1\">Estas son las instrucciones para configurar las cookies en los principales navegadores:<\/span><\/p><p class=\"p1\"><span class=\"s1\"><i>Chrome:<\/i>\u00a0Configuraci\u00f3n -&gt; Mostrar opciones avanzadas -&gt; Privacidad -&gt; Configuraci\u00f3n de contenido. Para m\u00e1s informaci\u00f3n, puede consultar el soporte de Google o la Ayuda del navegador.<\/span><\/p><p class=\"p1\"><span class=\"s1\"><i>Firefox:\u00a0<\/i>Herramientas -&gt; Opciones -&gt; Privacidad -&gt; Historial -&gt; Configuraci\u00f3n Personalizada. Para m\u00e1s informaci\u00f3n, puede consultar el soporte de Mozilla o la Ayuda del navegador.<\/span><\/p><p class=\"p1\"><span class=\"s1\"><i>Internet Explorer:<\/i>\u00a0Herramientas -&gt; Opciones de Internet -&gt; Privacidad -&gt; Configuraci\u00f3n. Para m\u00e1s informaci\u00f3n, puede consultar el soporte de Microsoft o la Ayuda del navegador.<\/span><\/p><p class=\"p1\"><span class=\"s1\"><i>Safari:<\/i>\u00a0Preferencias -&gt; Seguridad. Para m\u00e1s informaci\u00f3n, puede consultar el soporte de Apple o la Ayuda del navegador.<\/span><\/p><p class=\"p1\"><span class=\"s1\"><b>Informaci\u00f3n adicional<\/b><\/span><\/p><p class=\"p1\"><span class=\"s1\">Para una mayor informaci\u00f3n sobre el uso de las cookies y c\u00f3mo bloquearlas, accede a\u00a0www.allaboutcookies.org o bien\u00a0www.youronlinechoices.eu. Si tienes cualquier pregunta o comentario sobre nuestro uso de cookies, por favor contacta con nosotros a\u00a0granjasferre@gmail.com.<\/span><\/p>\t\t\t\t\t<\/div>\n\t\t\t\t\t\t<\/div>\n\t\t\t\t<\/div>\n\t\t\t\t\t\t<\/div>\n\t\t\t\t\t<\/div>\n\t\t<\/div>\n\t\t\t\t\t\t\t\t<\/div>\n\t\t\t\t\t<\/div>\n\t\t<\/section>\n\t\t\t\t\t\t<\/div>\n\t\t\t\t\t\t<\/div>\n\t\t\t\t\t<\/div>\n\t\t","protected":false},"excerpt":{"rendered":"<p>Pol\u00edtica de cookies \u00bfQu\u00e9 son las cookies y por qu\u00e9 las utilizamos en la web? Una cookie es un fichero que se descarga en el dispositivo del usuario al acceder a determinadas p\u00e1ginas web para almacenar y recuperar informaci\u00f3n sobre la navegaci\u00f3n que se efect\u00faa desde dicho equipo. Las cookies permiten a dicha web, entre &hellip;<\/p>\n<p class=\"read-more\"> <a class=\"\" href=\"https:\/\/granjaferre.com\/es\/politica-de-cookies\/\"> <span class=\"screen-reader-text\">Pol\u00edtica de cookies<\/span> Leer m\u00e1s \u00bb<\/a><\/p>\n","protected":false},"author":1,"featured_media":0,"parent":0,"menu_order":0,"comment_status":"closed","ping_status":"open","template":"","meta":{"_monsterinsights_skip_tracking":false,"_monsterinsights_sitenote_active":false,"_monsterinsights_sitenote_note":"","_monsterinsights_sitenote_category":0,"site-sidebar-layout":"no-sidebar","site-content-layout":"page-builder","ast-main-header-display":"","ast-hfb-above-header-display":"","ast-hfb-mobile-header-display":"","site-post-title":"disabled","ast-breadcrumbs-content":"","ast-featured-img":"disabled","footer-sml-layout":"","theme-transparent-header-meta":"default","adv-header-id-meta":"","stick-header-meta":"default","header-above-stick-meta":"","header-main-stick-meta":"","header-below-stick-meta":""},"_links":{"self":[{"href":"https:\/\/granjaferre.com\/es\/wp-json\/wp\/v2\/pages\/141"}],"collection":[{"href":"https:\/\/granjaferre.com\/es\/wp-json\/wp\/v2\/pages"}],"about":[{"href":"https:\/\/granjaferre.com\/es\/wp-json\/wp\/v2\/types\/page"}],"author":[{"embeddable":true,"href":"https:\/\/granjaferre.com\/es\/wp-json\/wp\/v2\/users\/1"}],"replies":[{"embeddable":true,"href":"https:\/\/granjaferre.com\/es\/wp-json\/wp\/v2\/comments?post=141"}],"version-history":[{"count":1,"href":"https:\/\/granjaferre.com\/es\/wp-json\/wp\/v2\/pages\/141\/revisions"}],"predecessor-version":[{"id":164,"href":"https:\/\/granjaferre.com\/es\/wp-json\/wp\/v2\/pages\/141\/revisions\/164"}],"wp:attachment":[{"href":"https:\/\/granjaferre.com\/es\/wp-json\/wp\/v2\/media?parent=141"}],"curies":[{"name":"wp","href":"https:\/\/api.w.org\/{rel}","templated":true}]}}