{"id":135,"date":"2020-02-28T11:44:56","date_gmt":"2020-02-28T11:44:56","guid":{"rendered":"http:\/\/granjaferre.com\/avis-legal-copy\/"},"modified":"2020-04-17T21:30:47","modified_gmt":"2020-04-17T21:30:47","slug":"politica-de-privacidad","status":"publish","type":"page","link":"https:\/\/granjaferre.com\/es\/politica-de-privacidad\/","title":{"rendered":"Pol\u00edtica de privacidad"},"content":{"rendered":"\t\t<div data-elementor-type=\"wp-page\" data-elementor-id=\"135\" class=\"elementor elementor-135\" data-elementor-settings=\"[]\">\n\t\t\t\t\t\t<div class=\"elementor-inner\">\n\t\t\t\t\t\t\t<div class=\"elementor-section-wrap\">\n\t\t\t\t\t\t\t<section class=\"elementor-section elementor-top-section elementor-element elementor-element-5ac81d4 elementor-section-boxed elementor-section-height-default elementor-section-height-default\" data-id=\"5ac81d4\" data-element_type=\"section\">\n\t\t\t\t\t\t<div class=\"elementor-container elementor-column-gap-no\">\n\t\t\t\t\t\t\t<div class=\"elementor-row\">\n\t\t\t\t\t<div class=\"elementor-column elementor-col-100 elementor-top-column elementor-element elementor-element-76514ed\" data-id=\"76514ed\" data-element_type=\"column\">\n\t\t\t<div class=\"elementor-column-wrap elementor-element-populated\">\n\t\t\t\t\t\t\t<div class=\"elementor-widget-wrap\">\n\t\t\t\t\t\t<section class=\"elementor-section elementor-inner-section elementor-element elementor-element-01ca0bd elementor-section-height-min-height elementor-section-content-bottom elementor-section-boxed elementor-section-height-default\" data-id=\"01ca0bd\" data-element_type=\"section\" id=\"slide\" data-settings=\"{&quot;background_background&quot;:&quot;classic&quot;}\">\n\t\t\t\t\t\t\t<div class=\"elementor-background-overlay\"><\/div>\n\t\t\t\t\t\t\t<div class=\"elementor-container elementor-column-gap-default\">\n\t\t\t\t\t\t\t<div class=\"elementor-row\">\n\t\t\t\t\t<div class=\"elementor-column elementor-col-100 elementor-inner-column elementor-element elementor-element-b95cc33 elementor-hidden-phone\" data-id=\"b95cc33\" data-element_type=\"column\">\n\t\t\t<div class=\"elementor-column-wrap elementor-element-populated\">\n\t\t\t\t\t\t\t<div class=\"elementor-widget-wrap\">\n\t\t\t\t\t\t<div class=\"elementor-element elementor-element-65fb0a6 elementor-widget elementor-widget-uael-infobox\" data-id=\"65fb0a6\" data-element_type=\"widget\" data-widget_type=\"uael-infobox.default\">\n\t\t\t\t<div class=\"elementor-widget-container\">\n\t\t\t\n<div class=\"uael-module-content uael-infobox uael-imgicon-style-normal  uael-infobox-center  infobox-has-icon uael-infobox-icon-above-title  uael-infobox-link-type-none\">\n\t<div class=\"uael-infobox-left-right-wrap\">\n\t\t\t\t\t\t<div class=\"uael-infobox-content\">\n\t\t\t\t\t\t\t<div class=\"uael-module-content uael-imgicon-wrap \">\t\t\t\t\t\t\t\t\t\t\t\n\t\t\t\t\t\t\t\t\t\t\t\t\t\t<\/div>\n\t\t\t\t\t\t\t<div class='uael-infobox-title-wrap'><h2 class=\"uael-infobox-title elementor-inline-editing\" data-elementor-setting-key=\"infobox_title\" data-elementor-inline-editing-toolbar=\"basic\" >Pol\u00edtica de privacidad<\/h2><\/div>\t\t\t\t\t\t\t\t\t<div class=\"uael-infobox-text-wrap\">\n\t\t\t\t<div class=\"uael-infobox-text elementor-inline-editing\" data-elementor-setting-key=\"infobox_description\" data-elementor-inline-editing-toolbar=\"advanced\">\n\t\t\t\t\t\t\t\t\t<\/div>\n\t\t\t\t\t\n\t\t\t\t\t\t\t<\/div>\n\t\t<\/div>\n\t\t\t<\/div>\n<\/div>\n\t\t<\/div>\n\t\t\t\t<\/div>\n\t\t\t\t\t\t<\/div>\n\t\t\t\t\t<\/div>\n\t\t<\/div>\n\t\t\t\t\t\t\t\t<\/div>\n\t\t\t\t\t<\/div>\n\t\t<\/section>\n\t\t\t\t\t\t<\/div>\n\t\t\t\t\t<\/div>\n\t\t<\/div>\n\t\t\t\t\t\t\t\t<\/div>\n\t\t\t\t\t<\/div>\n\t\t<\/section>\n\t\t\t\t<section class=\"elementor-section elementor-top-section elementor-element elementor-element-6f59ab3 elementor-section-content-middle elementor-section-boxed elementor-section-height-default elementor-section-height-default\" data-id=\"6f59ab3\" data-element_type=\"section\" id=\"granja\">\n\t\t\t\t\t\t<div class=\"elementor-container elementor-column-gap-wider\">\n\t\t\t\t\t\t\t<div class=\"elementor-row\">\n\t\t\t\t\t<div class=\"elementor-column elementor-col-100 elementor-top-column elementor-element elementor-element-61e8f92\" data-id=\"61e8f92\" data-element_type=\"column\">\n\t\t\t<div class=\"elementor-column-wrap elementor-element-populated\">\n\t\t\t\t\t\t\t<div class=\"elementor-widget-wrap\">\n\t\t\t\t\t\t<div class=\"elementor-element elementor-element-e732c13 elementor-widget elementor-widget-text-editor\" data-id=\"e732c13\" data-element_type=\"widget\" data-widget_type=\"text-editor.default\">\n\t\t\t\t<div class=\"elementor-widget-container\">\n\t\t\t\t\t\t\t\t<div class=\"elementor-text-editor elementor-clearfix\">\n\t\t\t\t<p class=\"p1\"><span class=\"s1\">De conformidad con el\u00a0Reglamento (UE) 2016\/679, de 27 de abril de 2016, relativo a la protecci\u00f3n de las personas f\u00edsicas en lo que respecta al tratamiento de datos personales y a la libre circulaci\u00f3n de estos datos, as\u00ed como la Ley Org\u00e1nica 3\/2018, de 5 de diciembre, de Protecci\u00f3n de Datos Personales y garant\u00eda de los derechos digitales, GRANJAS FERRE, S.L., informa a los Usuarios:<\/span><\/p><p class=\"p1\"><span class=\"s1\">Responsable del Tratamiento: GRANJAS FERRE, S.L. (GRANJAS FERRE)<\/span><\/p><p class=\"p1\"><span class=\"s1\">CIF: B43490333<\/span><\/p><p class=\"p1\"><span class=\"s1\">Direcci\u00f3n: Partida Mas d&#8217;en Carrasca, Parc. 29, Pol. 54, de 43870-AMPOSTA<\/span> <span class=\"s1\">(Tarragona)<\/span><\/p><p class=\"p1\"><span class=\"s1\">Tel\u00e9fono: 977 70 09 07 <span class=\"Apple-converted-space\">\u00a0 \u00a0 \u00a0<\/span><\/span><\/p><p class=\"p1\"><span class=\"s1\">Correo electr\u00f3nico: granjasferre@gmail.com<\/span><\/p><p class=\"p1\"><span class=\"s1\"><b>\u00bfCon qu\u00e9 finalidad tratamos sus datos personales?<\/b><\/span><\/p><p class=\"p1\"><span class=\"s1\">Los datos proporcionados en los formularios de la p\u00e1gina web se utilizar\u00e1n con las siguientes finalidades:<\/span><\/p><p class=\"p1\"><span class=\"s1\">Formularios de contacto: atender las consultas y\/o solicitudes del Usuario.<\/span><\/p><p class=\"p1\"><span class=\"s1\">En todo caso, siempre previa autorizaci\u00f3n expresa, se utilizar\u00e1n los datos para mantenerlo informado sobre la actualidad y los servicios de GRANJAS FERRE.<\/span><\/p><p class=\"p1\"><span class=\"s1\">Es posible que en nuestra p\u00e1gina web existan otros formularios en los que se recojan sus datos para finalidades concretas. En estas circunstancias se estar\u00e1 a las condiciones espec\u00edficas aplicables a cada caso.<\/span><\/p><p class=\"p1\"><span class=\"s1\"><b>\u00bfEs obligatorio proporcionar toda la informaci\u00f3n solicitada en los formularios de la p\u00e1gina web?<\/b><\/span><\/p><p class=\"p1\"><span class=\"s1\">En relaci\u00f3n al formulario de la p\u00e1gina web, el Usuario ha de cumplimentar los espacios marcados como \u201cobligatorios\u201d. No completar los datos personales requeridos o hacerlo parcialmente puede suponer que GRANJAS FERRE no pueda atender sus solicitudes y, en consecuencia, GRANJAS FERRE quedar\u00e1 exonerada de toda responsabilidad por la no prestaci\u00f3n o la prestaci\u00f3n incompleta de los servicios solicitados.<\/span><\/p><p class=\"p1\"><span class=\"s1\">Los datos personales que el Usuario facilita a GRANJAS FERRE tienen que ser actuales para que la informaci\u00f3n de los registros est\u00e9 actualizada y sin errores. El Usuario responder\u00e1 de la veracidad de los datos facilitados.<\/span><\/p><p class=\"p1\"><span class=\"s1\"><b>\u00bfCu\u00e1nto tiempo conservaremos sus datos personales?<\/b><\/span><\/p><p class=\"p1\"><span class=\"s1\">Los datos personales se conservar\u00e1n mientras dure la finalidad por la que fueron prestados y no se solicite su supresi\u00f3n o revocaci\u00f3n.<\/span><\/p><p class=\"p1\"><span class=\"s1\"><b>Legitimaci\u00f3n para el tratamiento:<\/b><\/span><\/p><p class=\"p1\"><span class=\"s1\">La base legal por el tratamiento de datos es el consentimiento prestado mediante la aceptaci\u00f3n de la presente pol\u00edtica de privacidad.<\/span><\/p><p class=\"p1\"><span class=\"s1\"><b>Destinatarios:<\/b><\/span><\/p><p class=\"p1\"><span class=\"s1\">No se ceder\u00e1n datos a terceras entidades, salvo obligaci\u00f3n legal o autorizaci\u00f3n expresa del Usuario.<\/span><\/p><p class=\"p1\"><span class=\"s1\"><b>Derechos en relaci\u00f3n con sus datos personales:<\/b><\/span><\/p><p class=\"p1\"><span class=\"s1\">El usuario puede ejercer el derecho de acceso a sus datos personales, as\u00ed como solicitar la rectificaci\u00f3n de los datos inexactos o, si procede, solicitar su supresi\u00f3n cuando los datos ya no sean necesarias para las finalidades que fueron recogidas. Tambi\u00e9n podr\u00e1 solicitar la limitaci\u00f3n, portabilidad y oposici\u00f3n del tratamiento de sus datos, en determinadas circunstancias y por motivos relacionados con su situaci\u00f3n particular.<\/span><\/p><p class=\"p1\"><span class=\"s1\">Igualmente, tiene derecho a revocar su consentimiento en cualquier momento sin que esto afecte de manera retroactiva al tratamiento de datos personales realizado hasta el momento.<\/span><\/p><p class=\"p1\"><span class=\"s1\">El usuario podr\u00e1 ejercitar sus derechos referidos anteriormente, en los t\u00e9rminos y condiciones previstas a la legislaci\u00f3n vigente, en el domicilio social de GRANJAS FERRE acompa\u00f1ando copia de su DNI o solicitarlo mediante el env\u00edo de un correo electr\u00f3nico con firma electr\u00f3nica, con el mero fin de certificar la identidad, a\u00a0granjasferre@gmail.com.<\/span><\/p><p class=\"p1\"><span class=\"s1\">En el supuesto que no obtenga una respuesta satisfactoria y desee formular una reclamaci\u00f3n u obtener m\u00e1s informaci\u00f3n al respecto de cualquier de estos derechos, puede acudir a la Agencia Espa\u00f1ola de Protecci\u00f3n de Datos (www.agpd.es\u00a0\u2013 C\/ Jorge Juan, 6 de Madrid).<\/span><\/p><p class=\"p1\"><span class=\"s1\"><b>Medidas de seguridad:<\/b><\/span><\/p><p class=\"p1\"><span class=\"s1\">GRANJAS FERRE informa que tiene implantadas las medidas de seguridad de \u00edndole t\u00e9cnica y organizativas necesarias que garantizan la seguridad de los datos de car\u00e1cter personal del Usuario y evitan su alteraci\u00f3n, p\u00e9rdida, tratamiento y\/o acceso no autorizado de acuerdo con el estado de la tecnolog\u00eda, la naturaleza de los datos almacenados y los riesgos a los que est\u00e1n expuestos, tanto si provienen de la acci\u00f3n humana o del medio f\u00edsico o natural, en conformidad con el que prev\u00e9 la normativa vigente.<\/span><\/p>\t\t\t\t\t<\/div>\n\t\t\t\t\t\t<\/div>\n\t\t\t\t<\/div>\n\t\t\t\t\t\t<\/div>\n\t\t\t\t\t<\/div>\n\t\t<\/div>\n\t\t\t\t\t\t\t\t<\/div>\n\t\t\t\t\t<\/div>\n\t\t<\/section>\n\t\t\t\t\t\t<\/div>\n\t\t\t\t\t\t<\/div>\n\t\t\t\t\t<\/div>\n\t\t","protected":false},"excerpt":{"rendered":"<p>Pol\u00edtica de privacidad De conformidad con el&nbsp;Reglamento (UE) 2016\/679, de 27 de abril de 2016, relativo a la protecci\u00f3n de las personas f\u00edsicas en lo que respecta al tratamiento de datos personales y a la libre circulaci\u00f3n de estos datos, as\u00ed como la Ley Org\u00e1nica 3\/2018, de 5 de diciembre, de Protecci\u00f3n de Datos Personales &hellip;<\/p>\n<p class=\"read-more\"> <a class=\"\" href=\"https:\/\/granjaferre.com\/es\/politica-de-privacidad\/\"> <span class=\"screen-reader-text\">Pol\u00edtica de privacidad<\/span> Leer m\u00e1s \u00bb<\/a><\/p>\n","protected":false},"author":1,"featured_media":0,"parent":0,"menu_order":0,"comment_status":"closed","ping_status":"open","template":"","meta":{"_monsterinsights_skip_tracking":false,"_monsterinsights_sitenote_active":false,"_monsterinsights_sitenote_note":"","_monsterinsights_sitenote_category":0,"site-sidebar-layout":"no-sidebar","site-content-layout":"page-builder","ast-main-header-display":"","ast-hfb-above-header-display":"","ast-hfb-mobile-header-display":"","site-post-title":"disabled","ast-breadcrumbs-content":"","ast-featured-img":"disabled","footer-sml-layout":"","theme-transparent-header-meta":"default","adv-header-id-meta":"","stick-header-meta":"default","header-above-stick-meta":"","header-main-stick-meta":"","header-below-stick-meta":""},"_links":{"self":[{"href":"https:\/\/granjaferre.com\/es\/wp-json\/wp\/v2\/pages\/135"}],"collection":[{"href":"https:\/\/granjaferre.com\/es\/wp-json\/wp\/v2\/pages"}],"about":[{"href":"https:\/\/granjaferre.com\/es\/wp-json\/wp\/v2\/types\/page"}],"author":[{"embeddable":true,"href":"https:\/\/granjaferre.com\/es\/wp-json\/wp\/v2\/users\/1"}],"replies":[{"embeddable":true,"href":"https:\/\/granjaferre.com\/es\/wp-json\/wp\/v2\/comments?post=135"}],"version-history":[{"count":2,"href":"https:\/\/granjaferre.com\/es\/wp-json\/wp\/v2\/pages\/135\/revisions"}],"predecessor-version":[{"id":265,"href":"https:\/\/granjaferre.com\/es\/wp-json\/wp\/v2\/pages\/135\/revisions\/265"}],"wp:attachment":[{"href":"https:\/\/granjaferre.com\/es\/wp-json\/wp\/v2\/media?parent=135"}],"curies":[{"name":"wp","href":"https:\/\/api.w.org\/{rel}","templated":true}]}}