{"id":131,"date":"2020-02-28T11:32:12","date_gmt":"2020-02-28T11:32:12","guid":{"rendered":"http:\/\/granjaferre.com\/inici-copy\/"},"modified":"2020-03-12T13:26:41","modified_gmt":"2020-03-12T13:26:41","slug":"aviso-legal","status":"publish","type":"page","link":"https:\/\/granjaferre.com\/es\/aviso-legal\/","title":{"rendered":"Aviso Legal"},"content":{"rendered":"\t\t<div data-elementor-type=\"wp-page\" data-elementor-id=\"131\" class=\"elementor elementor-131\" data-elementor-settings=\"[]\">\n\t\t\t\t\t\t<div class=\"elementor-inner\">\n\t\t\t\t\t\t\t<div class=\"elementor-section-wrap\">\n\t\t\t\t\t\t\t<section class=\"elementor-section elementor-top-section elementor-element elementor-element-5ac81d4 elementor-section-boxed elementor-section-height-default elementor-section-height-default\" data-id=\"5ac81d4\" data-element_type=\"section\">\n\t\t\t\t\t\t<div class=\"elementor-container elementor-column-gap-no\">\n\t\t\t\t\t\t\t<div class=\"elementor-row\">\n\t\t\t\t\t<div class=\"elementor-column elementor-col-100 elementor-top-column elementor-element elementor-element-76514ed\" data-id=\"76514ed\" data-element_type=\"column\">\n\t\t\t<div class=\"elementor-column-wrap elementor-element-populated\">\n\t\t\t\t\t\t\t<div class=\"elementor-widget-wrap\">\n\t\t\t\t\t\t<section class=\"elementor-section elementor-inner-section elementor-element elementor-element-01ca0bd elementor-section-height-min-height elementor-section-content-bottom elementor-section-boxed elementor-section-height-default\" data-id=\"01ca0bd\" data-element_type=\"section\" id=\"slide\" data-settings=\"{&quot;background_background&quot;:&quot;classic&quot;}\">\n\t\t\t\t\t\t\t<div class=\"elementor-background-overlay\"><\/div>\n\t\t\t\t\t\t\t<div class=\"elementor-container elementor-column-gap-default\">\n\t\t\t\t\t\t\t<div class=\"elementor-row\">\n\t\t\t\t\t<div class=\"elementor-column elementor-col-100 elementor-inner-column elementor-element elementor-element-b95cc33 elementor-hidden-phone\" data-id=\"b95cc33\" data-element_type=\"column\">\n\t\t\t<div class=\"elementor-column-wrap elementor-element-populated\">\n\t\t\t\t\t\t\t<div class=\"elementor-widget-wrap\">\n\t\t\t\t\t\t<div class=\"elementor-element elementor-element-65fb0a6 elementor-widget elementor-widget-uael-infobox\" data-id=\"65fb0a6\" data-element_type=\"widget\" data-widget_type=\"uael-infobox.default\">\n\t\t\t\t<div class=\"elementor-widget-container\">\n\t\t\t\n<div class=\"uael-module-content uael-infobox uael-imgicon-style-normal  uael-infobox-center  infobox-has-icon uael-infobox-icon-above-title  uael-infobox-link-type-none\">\n\t<div class=\"uael-infobox-left-right-wrap\">\n\t\t\t\t\t\t<div class=\"uael-infobox-content\">\n\t\t\t\t\t\t\t<div class=\"uael-module-content uael-imgicon-wrap \">\t\t\t\t\t\t\t\t\t\t\t\n\t\t\t\t\t\t\t\t\t\t\t\t\t\t<\/div>\n\t\t\t\t\t\t\t<div class='uael-infobox-title-wrap'><h2 class=\"uael-infobox-title elementor-inline-editing\" data-elementor-setting-key=\"infobox_title\" data-elementor-inline-editing-toolbar=\"basic\" >Aviso legal<\/h2><\/div>\t\t\t\t\t\t\t\t\t<div class=\"uael-infobox-text-wrap\">\n\t\t\t\t<div class=\"uael-infobox-text elementor-inline-editing\" data-elementor-setting-key=\"infobox_description\" data-elementor-inline-editing-toolbar=\"advanced\">\n\t\t\t\t\t\t\t\t\t<\/div>\n\t\t\t\t\t\n\t\t\t\t\t\t\t<\/div>\n\t\t<\/div>\n\t\t\t<\/div>\n<\/div>\n\t\t<\/div>\n\t\t\t\t<\/div>\n\t\t\t\t\t\t<\/div>\n\t\t\t\t\t<\/div>\n\t\t<\/div>\n\t\t\t\t\t\t\t\t<\/div>\n\t\t\t\t\t<\/div>\n\t\t<\/section>\n\t\t\t\t\t\t<\/div>\n\t\t\t\t\t<\/div>\n\t\t<\/div>\n\t\t\t\t\t\t\t\t<\/div>\n\t\t\t\t\t<\/div>\n\t\t<\/section>\n\t\t\t\t<section class=\"elementor-section elementor-top-section elementor-element elementor-element-6f59ab3 elementor-section-content-middle elementor-section-boxed elementor-section-height-default elementor-section-height-default\" data-id=\"6f59ab3\" data-element_type=\"section\" id=\"granja\">\n\t\t\t\t\t\t<div class=\"elementor-container elementor-column-gap-wider\">\n\t\t\t\t\t\t\t<div class=\"elementor-row\">\n\t\t\t\t\t<div class=\"elementor-column elementor-col-100 elementor-top-column elementor-element elementor-element-61e8f92\" data-id=\"61e8f92\" data-element_type=\"column\">\n\t\t\t<div class=\"elementor-column-wrap elementor-element-populated\">\n\t\t\t\t\t\t\t<div class=\"elementor-widget-wrap\">\n\t\t\t\t\t\t<div class=\"elementor-element elementor-element-e732c13 elementor-widget elementor-widget-text-editor\" data-id=\"e732c13\" data-element_type=\"widget\" data-widget_type=\"text-editor.default\">\n\t\t\t\t<div class=\"elementor-widget-container\">\n\t\t\t\t\t\t\t\t<div class=\"elementor-text-editor elementor-clearfix\">\n\t\t\t\t<p class=\"p1\"><span class=\"s1\">En cumplimiento de lo previsto en el art\u00edculo 10 de la Ley 34\/2002, de 11 de julio, de Servicios de la Sociedad de la Informaci\u00f3n y de Comercio electr\u00f3nico, y del Reglamento (UE) 2016\/679 del Parlamento Europeo y del Consejo, de 27 de abril de 2016, relativo a la protecci\u00f3n de las personas f\u00edsicas en lo que respecta al tratamiento de datos personales y a la libre circulaci\u00f3n de estos datos, as\u00ed como la Ley Org\u00e1nica 3\/2018, de 5 de diciembre, de Protecci\u00f3n de Datos Personales y garant\u00eda de los derechos digitales se informa al Usuario que el titular de la p\u00e1gina web <\/span><span class=\"s2\">www.granjasferre.com<\/span><span class=\"s1\"> (en adelante, P\u00e1gina Web) es la sociedad mercantil GRANJAS FERRE, S.L. (en adelante, GRANJAS FERRE), datos de identificaci\u00f3n de la cual son los siguientes: <\/span><\/p><p class=\"p1\"><span class=\"s1\">Domicilio social: Partida Mas d&#8217;en Carrasca, Parc. 29, Pol. 54, de 43870-AMPOSTA<\/span> <span class=\"s1\">(Tarragona)<\/span><\/p><p class=\"p1\"><span class=\"s1\">CIF: B43490333<\/span><\/p><p class=\"p1\"><span class=\"s1\">Correo electr\u00f3nico: granjasferre@gmail.com<\/span><\/p><p class=\"p1\"><span class=\"s1\">Inscripci\u00f3n: Registro Mercantil de Tarragona, Tomo 1.257, folio 97, hoja n\u00famero T-14.000.<\/span><\/p><p class=\"p1\"><span class=\"s1\"><b>1. Acceder a la p\u00e1gina web<\/b><\/span><\/p><p class=\"p1\"><span class=\"s1\">El Aviso Legal regula el acceso y uso de los Usuarios a la p\u00e1gina web y tiene por objeto dar a conocer los servicios de la entidad y permitir el acceso general de todos los usuarios de Internet.<\/span><\/p><p class=\"p1\"><span class=\"s1\">El acceso y\/o uso de la Web atribuye a quien lo realiza la condici\u00f3n de Usuario y la aceptaci\u00f3n, sin reservas de ninguna clase, de todas y cada una de las presentes condiciones generales, as\u00ed como de aquellas otras particulares que, si procede, rijan la utilizaci\u00f3n del Portal o de los servicios vinculados al mismo.<\/span><\/p><p class=\"p1\"><span class=\"s1\">El usuario tiene que leer atentamente el Aviso Legal y la Pol\u00edtica de Privacidad y de Cookies cuando se proponga utilizar el sitio web, puesto que GRANJAS FERRE se reserva la facultad de realizar, en cualquier momento y sin necesidad de ning\u00fan preaviso, cualquier modificaci\u00f3n o actualizaci\u00f3n de los contenidos y servicios, de las presentes disposiciones de acceso y uso y, en general, de cu\u00e1ntos elementos integren el dise\u00f1o y configuraci\u00f3n de su Web. Si no acepta las condiciones de acceso y uso, le rogamos se abstenga de utilizar el Web y su contenido.<\/span><\/p><p class=\"p1\"><span class=\"s1\"><b>2. Utilizaci\u00f3n de la p\u00e1gina web<\/b><\/span><\/p><p class=\"p1\"><span class=\"s1\">El Usuario se compromete a hacer un uso diligente de la P\u00e1gina Web, as\u00ed como de la informaci\u00f3n relativa a sus servicios, con total sujeci\u00f3n tanto a la normativa aplicable, as\u00ed como con la moral y las buenas costumbres generalmente aceptadas y el orden p\u00fablico, las condiciones de acceso y uso y cualesquiera otras condiciones establecidas a la P\u00e1gina Web.<\/span><\/p><p class=\"p1\"><span class=\"s1\">Adem\u00e1s, se compromete a abstenerse de utilizar cualquier de los contenidos con finalidades o efectos il\u00edcitos, prohibidos en el presente texto, lesivos de los derechos e intereses de terceros, o que de cualquier forma puedan da\u00f1ar, inutilizar, sobrecargar, deteriorar o impedir la normal utilizaci\u00f3n de los contenidos, otros Usuarios o de cualquier usuario de Internet (hardware y software).<\/span><\/p><p class=\"p1\"><span class=\"s1\"><b>3. Funcionamiento de la p\u00e1gina web<\/b><\/span><\/p><p class=\"p1\"><span class=\"s1\">En caso de incumplimiento de las condiciones previstas en el Aviso Legal, o la Pol\u00edtica de Privacidad y de Cookies, GRANJAS FERRE se reserva el derecho a limitar, suspender y\/o excluir el acceso en su P\u00e1gina Web, adoptando cualquier medida t\u00e9cnica necesaria a su respeto. GRANJAS FERRE har\u00e1 lo posible para mantener la P\u00e1gina Web en buen funcionamiento, evitando errores, o bien repar\u00e1ndolos y manteniendo los contenidos actualizados. Ahora bien, GRANJAS FERRE no garantiza la disponibilidad y continuidad en el acceso en la P\u00e1gina Web ni la inexistencia de errores en el contenido. As\u00ed mismo, el usuario debe tener en cuenta que tal material pudiera no reflejar el estado legislativo o jurisprudencial m\u00e1s reciente sobre las cuestiones analizadas. Asimismo, este material puede ser modificado, desarrollado o actualizado sin notificaci\u00f3n previa.<\/span><\/p><p class=\"p1\"><span class=\"s1\"><b>4. Responsabilidad<\/b><\/span><\/p><p class=\"p1\"><span class=\"s1\">El Usuario es el \u00fanico responsable del uso que se pueda hacer de cualquier informaci\u00f3n o mecanismo de la P\u00e1gina Web. GRANJAS FERRE no se har\u00e1 responsable de ning\u00fan da\u00f1o en el hardware y\/o software del Usuario que se derive del acceso y uso de la P\u00e1gina Web. As\u00ed mismo, tampoco se responsabilizar\u00e1 de estos da\u00f1os y\/o perjuicios que se puedan ocasionar por el acceso y\/o uso de la informaci\u00f3n de la P\u00e1gina Web, y en concreto de los que se puedan producir en sistemas inform\u00e1ticos o los provocados por virus y\/o ataques inform\u00e1ticos, ca\u00eddas, interrupciones ausencia o defecto en las comunicaciones y\/o Internet.<\/span><\/p><p class=\"p1\"><span class=\"s1\">El Usuario ser\u00e1 responsable de los da\u00f1os y\/o perjuicios que GRANJAS FERRE pueda sufrir como consecuencia del incumplimiento de cualquier de las obligaciones a las que queda sometido a trav\u00e9s del presente Aviso Legal, la normativa aplicable y Pol\u00edtica de Privacidad y de Cookies.<\/span><\/p><p class=\"p1\"><span class=\"s1\"><b>5. Pol\u00edtica en materia de \u201cLinks\u201d (Web enlazante y enlazada)<\/b><\/span><\/p><p class=\"p1\"><span class=\"s4\">Web enlazante<\/span><\/p><p class=\"p1\"><span class=\"s1\">Los terceros que tengan la intenci\u00f3n de incluir en su p\u00e1gina web un enlace del presente sitio web, tendr\u00e1n que cumplir con la legislaci\u00f3n vigente y no podr\u00e1n alojar contenidos que sean inapropiados, il\u00edcitos, pornogr\u00e1ficos, violentos, etc.<\/span><\/p><p class=\"p1\"><span class=\"s1\">En ning\u00fan caso, GRANJAS FERRE se hace responsable del contenido de la P\u00e1gina Web, ni promueve, garantiza, supervisa ni recomienda los contenidos de esta.<\/span><\/p><p class=\"p1\"><span class=\"s1\">Si la Web enlazante incumple alguno de los aspectos anteriores estar\u00e1 obligado a suprimir el enlace de manera inmediata.<\/span><\/p><p class=\"p1\"><span class=\"s4\">Web enlazada<\/span><\/p><p class=\"p1\"><span class=\"s1\">En esta P\u00e1gina Web se pueden incluir enlaces de p\u00e1ginas web de terceros que permitan al Usuario acceder. No obstante, GRANJAS FERRE no se hace responsable del contenido de estas p\u00e1ginas web enlazadas, sino que ser\u00e1 el Usuario el encargado de aceptar y comprobar los accesos cada vez que acceda.<\/span><\/p><p class=\"p1\"><span class=\"s1\">Tales enlaces o menciones tienen una finalidad que no implican el apoyo, la aprobaci\u00f3n, comercializaci\u00f3n o relaci\u00f3n alguna entre la p\u00e1gina y las personas o entidades titulares de los lugares donde se encuentren.<\/span><\/p><p class=\"p1\"><span class=\"s1\"><b>6. Propiedad Intelectual e Industrial sobre los contenidos<\/b><\/span><\/p><p class=\"p1\"><span class=\"s1\">GRANJAS FERRE es titular de todos los derechos de propiedad intelectual sobre los contenidos de la P\u00e1gina Web, entendiendo como tal todos los dise\u00f1os, bases de datos, programas de ordenadores subyacentes (c\u00f3digo fuente, incluido), as\u00ed como los diferentes elementos que integran la P\u00e1gina Web (textos, gr\u00e1ficos, fotograf\u00edas, v\u00eddeos, colores, etc.), estructura, orden, etc. En relaci\u00f3n a las marcas y nombres comerciales (\u201csignos distintivos\u201d) son titularidad de GRANJAS FERRE.<\/span><\/p><p class=\"p1\"><span class=\"s1\">El uso de la P\u00e1gina Web por parte del Usuario no supone la cesi\u00f3n de ning\u00fan derecho de propiedad intelectual ni industrial. El Usuario tiene totalmente prohibido reproducir, copiar, distribuir, poner a disposici\u00f3n o de cualquier otra forma de comunicar p\u00fablicamente, transformar o modificar los Contenidos o los Signos distintivos, salvo que se cuente con la autorizaci\u00f3n del titular de los correspondientes derechos o esto resulte legalmente permitido.<\/span><\/p><p class=\"p1\"><span class=\"s1\"><b>7. Publicidad<\/b><\/span><\/p><p class=\"p1\"><span class=\"s1\">En la p\u00e1gina Web podr\u00e1n alojarse contenidos publicitarios o patrocinados. Los anunciantes o patrocinadores son los \u00fanicos responsables de asegurarse que el material remitido para su inclusi\u00f3n en la Web cumple con las leyes que en cada caso puedan ser aplicables.<\/span><\/p><p class=\"p1\"><span class=\"s1\">GRANJAS FERRE no ser\u00e1 responsable de ning\u00fan error, inexactitud o irregularidad que puedan contener los contenidos publicitarios o de los patrocinadores.<\/span><\/p><p class=\"p1\"><span class=\"s1\"><b>8. Legislaci\u00f3n aplicable<\/b><\/span><\/p><p class=\"p1\"><span class=\"s1\">El Aviso Legal se regir\u00e1 e interpretar\u00e1 en conformidad con la legislaci\u00f3n espa\u00f1ola.<\/span><\/p><p class=\"p1\"><span class=\"s1\">Para la resoluci\u00f3n de cualquier conflicto que pudiera derivarse del acceso al sitio web, se someter\u00e1n a los juzgados o tribunales pertinentes de conformidad con la normativa de consumidores y usuarios.<\/span><\/p><p class=\"p1\"><span class=\"s1\"><b>9. Contacto<\/b><\/span><\/p><p class=\"p1\"><span class=\"s1\">Para cualquier pregunta o comentario sobre el presente Aviso Legal os pod\u00e9is poner en contacto con nosotros a trav\u00e9s del correo electr\u00f3nico\u00a0granjasferre@gmail.com.<\/span><\/p>\t\t\t\t\t<\/div>\n\t\t\t\t\t\t<\/div>\n\t\t\t\t<\/div>\n\t\t\t\t\t\t<\/div>\n\t\t\t\t\t<\/div>\n\t\t<\/div>\n\t\t\t\t\t\t\t\t<\/div>\n\t\t\t\t\t<\/div>\n\t\t<\/section>\n\t\t\t\t\t\t<\/div>\n\t\t\t\t\t\t<\/div>\n\t\t\t\t\t<\/div>\n\t\t","protected":false},"excerpt":{"rendered":"<p>Aviso legal En cumplimiento de lo previsto en el art\u00edculo 10 de la Ley 34\/2002, de 11 de julio, de Servicios de la Sociedad de la Informaci\u00f3n y de Comercio electr\u00f3nico, y del Reglamento (UE) 2016\/679 del Parlamento Europeo y del Consejo, de 27 de abril de 2016, relativo a la protecci\u00f3n de las personas &hellip;<\/p>\n<p class=\"read-more\"> <a class=\"\" href=\"https:\/\/granjaferre.com\/es\/aviso-legal\/\"> <span class=\"screen-reader-text\">Aviso Legal<\/span> Leer m\u00e1s \u00bb<\/a><\/p>\n","protected":false},"author":1,"featured_media":0,"parent":0,"menu_order":0,"comment_status":"closed","ping_status":"open","template":"","meta":{"_monsterinsights_skip_tracking":false,"_monsterinsights_sitenote_active":false,"_monsterinsights_sitenote_note":"","_monsterinsights_sitenote_category":0,"site-sidebar-layout":"no-sidebar","site-content-layout":"page-builder","ast-main-header-display":"","ast-hfb-above-header-display":"","ast-hfb-mobile-header-display":"","site-post-title":"disabled","ast-breadcrumbs-content":"","ast-featured-img":"disabled","footer-sml-layout":"","theme-transparent-header-meta":"default","adv-header-id-meta":"","stick-header-meta":"default","header-above-stick-meta":"","header-main-stick-meta":"","header-below-stick-meta":""},"_links":{"self":[{"href":"https:\/\/granjaferre.com\/es\/wp-json\/wp\/v2\/pages\/131"}],"collection":[{"href":"https:\/\/granjaferre.com\/es\/wp-json\/wp\/v2\/pages"}],"about":[{"href":"https:\/\/granjaferre.com\/es\/wp-json\/wp\/v2\/types\/page"}],"author":[{"embeddable":true,"href":"https:\/\/granjaferre.com\/es\/wp-json\/wp\/v2\/users\/1"}],"replies":[{"embeddable":true,"href":"https:\/\/granjaferre.com\/es\/wp-json\/wp\/v2\/comments?post=131"}],"version-history":[{"count":1,"href":"https:\/\/granjaferre.com\/es\/wp-json\/wp\/v2\/pages\/131\/revisions"}],"predecessor-version":[{"id":163,"href":"https:\/\/granjaferre.com\/es\/wp-json\/wp\/v2\/pages\/131\/revisions\/163"}],"wp:attachment":[{"href":"https:\/\/granjaferre.com\/es\/wp-json\/wp\/v2\/media?parent=131"}],"curies":[{"name":"wp","href":"https:\/\/api.w.org\/{rel}","templated":true}]}}